{"id":75,"date":"2020-08-05T18:53:02","date_gmt":"2020-08-05T16:53:02","guid":{"rendered":"https:\/\/bertrandmarcos.com\/?page_id=75"},"modified":"2024-09-12T12:23:57","modified_gmt":"2024-09-12T10:23:57","slug":"les-tarifs","status":"publish","type":"page","link":"https:\/\/bertrandmarcos.com\/index.php\/les-tarifs\/","title":{"rendered":"Les Formules"},"content":{"rendered":"<p>[et_pb_section fb_built=\u00a0\u00bb1&Prime; module_class=\u00a0\u00bbtarifs\u00a0\u00bb _builder_version=\u00a0\u00bb4.4.2&Prime;][et_pb_row _builder_version=\u00a0\u00bb4.4.2&Prime;][et_pb_column type=\u00a0\u00bb4_4&Prime; _builder_version=\u00a0\u00bb4.4.2&Prime;][et_pb_code _builder_version=\u00a0\u00bb4.4.2&Prime; hover_enabled=\u00a0\u00bb0&Prime;]<\/p>\n<h2 class='secondary'>Les Formules<\/h2>\n<p><!-- [et_pb_line_break_holder] --><\/p>\n<div class='scroll_box'><!-- [et_pb_line_break_holder] --><\/p>\n<ul class='tarrifs'><!-- [et_pb_line_break_holder] --><\/p>\n<li><!-- [et_pb_line_break_holder] -->\n<div class='tarrif_head'><!-- [et_pb_line_break_holder] -->Essai offert<!-- [et_pb_line_break_holder] --><\/div>\n<p><!-- [et_pb_line_break_holder] --><\/p>\n<div class='tarrif_content'><!-- [et_pb_line_break_holder] --><\/p>\n<p class=\"frequence\">Hebdomadaire<\/p>\n<p><!-- [et_pb_line_break_holder] --><\/p>\n<h4>Cours du Mardi<br \/><span class='heure'>20h &#8211; 22h<\/span><\/h4>\n<p><!-- [et_pb_line_break_holder] --><\/p>\n<p class=\"prix\">750 euros<br \/>3 fois 250 euros<br \/>ou 10 fois 75 euros<\/p>\n<p><!-- [et_pb_line_break_holder] --><\/p>\n<p class=\"conditions\">Engagement sur l\u2019ann\u00e9e<\/p>\n<p><!-- [et_pb_line_break_holder] --><a href=\"https:\/\/bertrandmarcos.com\/index.php\/contact\/\" class='cta'><!-- [et_pb_line_break_holder] --><img src=\"https:\/\/bertrandmarcos.com\/wp-content\/uploads\/2020\/08\/send2.png\" alt='send'><!-- [et_pb_line_break_holder] --><\/p>\n<div>Contact<\/div>\n<p><!-- [et_pb_line_break_holder] --><\/a><!-- [et_pb_line_break_holder] --><\/p>\n<div class='details-box'><!-- [et_pb_line_break_holder] --><\/p>\n<ul class='activites'><!-- [et_pb_line_break_holder] --><\/p>\n<li>Mise en route<\/li>\n<p><!-- [et_pb_line_break_holder] --><\/p>\n<li>Sc\u00e8ne d\u2019invention 1 semaine sur 2<\/li>\n<p><!-- [et_pb_line_break_holder] --><\/p>\n<li>Travail de sc\u00e8ne 1 semaine sur 2<\/li>\n<\/ul>\n<p><!-- [et_pb_line_break_holder] --><\/div>\n<\/div>\n<p><!-- [et_pb_line_break_holder] --><\/li>\n<p><!-- [et_pb_line_break_holder] --><\/p>\n<li><!-- [et_pb_line_break_holder] -->\n<div class='tarrif_head'>Essai Offert<\/div>\n<p><!-- [et_pb_line_break_holder] --><\/p>\n<div class='tarrif_content'><!-- [et_pb_line_break_holder] --><\/p>\n<p class=\"frequence\">Hebdomadaire<\/p>\n<p><!-- [et_pb_line_break_holder] --><\/p>\n<h4>Cours du Mercredi<br \/><span class='heure'>21h &#8211; 23h<\/span><\/h4>\n<p><!-- [et_pb_line_break_holder] --><\/p>\n<p class=\"prix\">630 euros<br \/>3 fois 210 euros<br \/>ou 10 fois 63 euros<\/p>\n<p><!-- [et_pb_line_break_holder] --><\/p>\n<p class=\"conditions\">Engagement sur l\u2019ann\u00e9e<\/p>\n<p><!-- [et_pb_line_break_holder] --><a href=\"https:\/\/bertrandmarcos.com\/index.php\/contact\/\" class='cta'><!-- [et_pb_line_break_holder] --><img src=\"https:\/\/bertrandmarcos.com\/wp-content\/uploads\/2020\/08\/send2.png\" alt='send'><!-- [et_pb_line_break_holder] --><\/p>\n<div>Contact<\/div>\n<p><!-- [et_pb_line_break_holder] --><\/a><!-- [et_pb_line_break_holder] --><\/p>\n<div class='details-box'><!-- [et_pb_line_break_holder] --><\/p>\n<ul class='activites'><!-- [et_pb_line_break_holder] --><\/p>\n<li>Mise en route<\/li>\n<p><!-- [et_pb_line_break_holder] --><\/p>\n<li>Sc\u00e8ne d\u2019invention<\/li>\n<p><!-- [et_pb_line_break_holder] --><\/p>\n<li>Exercices d\u2019improvisation<!-- [et_pb_line_break_holder] --><\/li>\n<\/ul>\n<p><!-- [et_pb_line_break_holder] --><\/div>\n<\/div>\n<p><!-- [et_pb_line_break_holder] --><\/li>\n<p><!-- [et_pb_line_break_holder] --><\/p>\n<li><!-- [et_pb_line_break_holder] -->\n<div class='tarrif_head'>Essai Offert<\/div>\n<p><!-- [et_pb_line_break_holder] --><\/p>\n<div class='tarrif_content'><!-- [et_pb_line_break_holder] --><\/p>\n<p class=\"frequence\">Hebdomadaire<\/p>\n<p><!-- [et_pb_line_break_holder] --><\/p>\n<h4>Cours du Jeudi<br \/><span class='heure'>20h30 &#8211; 22h30<\/span><\/h4>\n<p><!-- [et_pb_line_break_holder] --><\/p>\n<p class=\"prix\">750 euros<br \/>3 fois 250 euros<br \/>ou 10 fois 75 euros<\/p>\n<p><!-- [et_pb_line_break_holder] --><\/p>\n<p class=\"conditions\">Engagement sur l\u2019ann\u00e9e<\/p>\n<p><!-- [et_pb_line_break_holder] --><a href=\"https:\/\/bertrandmarcos.com\/index.php\/contact\/\" class='cta'><!-- [et_pb_line_break_holder] --><img src=\"https:\/\/bertrandmarcos.com\/wp-content\/uploads\/2020\/08\/send2.png\" alt='send'><!-- [et_pb_line_break_holder] --><\/p>\n<div>Contact<\/div>\n<p><!-- [et_pb_line_break_holder] --><\/a><!-- [et_pb_line_break_holder] --><\/p>\n<div class='details-box'><!-- [et_pb_line_break_holder] --><\/p>\n<ul class='activites'><!-- [et_pb_line_break_holder] --><\/p>\n<li>Mise en route<\/li>\n<p><!-- [et_pb_line_break_holder] --><\/p>\n<li>Sc\u00e8ne d\u2019invention 1 semaine sur 2<\/li>\n<p><!-- [et_pb_line_break_holder] --><\/p>\n<li>Travail de sc\u00e8ne 1 semaine sur 2<\/li>\n<\/ul>\n<p><!-- [et_pb_line_break_holder] --><\/div>\n<\/div>\n<p><!-- [et_pb_line_break_holder] --><\/li>\n<p><!-- [et_pb_line_break_holder] --><\/p>\n<li><!-- [et_pb_line_break_holder] -->\n<div class='tarrif_head'>Stages<\/div>\n<p><!-- [et_pb_line_break_holder] --><\/p>\n<div class='tarrif_content'>\n<p class=\"frequence\">Mensuel<\/p>\n<h4>Stage Week end<\/h4>\n<p class=\"prix\">140 euros le stage<\/p>\n<p><!-- [et_pb_line_break_holder] --><\/p>\n<p class=\"conditions\">Un stage est propos\u00e9 une fois par mois<br \/>Soit 10 stages dans l&rsquo;ann\u00e9e<\/p>\n<p><!-- [et_pb_line_break_holder] --><a href=\"https:\/\/bertrandmarcos.com\/index.php\/contact\/\" class='cta'><!-- [et_pb_line_break_holder] --><img src=\"https:\/\/bertrandmarcos.com\/wp-content\/uploads\/2020\/08\/send2.png\" alt='send'><!-- [et_pb_line_break_holder] --><\/p>\n<div>Contact<\/div>\n<p><!-- [et_pb_line_break_holder] --><\/a><!-- [et_pb_line_break_holder] --><\/p>\n<div class='details-box'>\n<p class='details'>Samedi : 16h-20h (4h)<br \/>Dimanche : 15h-19h (4h)<\/p>\n<p><!-- [et_pb_line_break_holder] --><\/p>\n<ul class='activites'><!-- [et_pb_line_break_holder] --><\/p>\n<li>Mise en route<\/li>\n<p><!-- [et_pb_line_break_holder] --><\/p>\n<li>Sc\u00e8ne d\u2019invention<\/li>\n<p><!-- [et_pb_line_break_holder] --><\/p>\n<li>Travail de sc\u00e8ne<\/li>\n<\/ul>\n<p><!-- [et_pb_line_break_holder] --><\/div>\n<\/div>\n<p><!-- [et_pb_line_break_holder] --><\/li>\n<p><!-- [et_pb_line_break_holder] --><\/p>\n<li><!-- [et_pb_line_break_holder] -->\n<div class='tarrif_head'>Cours individuels<\/div>\n<p><!-- [et_pb_line_break_holder] --><\/p>\n<div class='tarrif_content'><!-- [et_pb_line_break_holder] --><\/p>\n<p class=\"frequence\">En ligne<\/p>\n<p><!-- [et_pb_line_break_holder] --><\/p>\n<h4>Cours Individuel<\/h4>\n<p><!-- [et_pb_line_break_holder] --><\/p>\n<p class=\"prix\">40 euros le cours<\/p>\n<p><!-- [et_pb_line_break_holder] --><\/p>\n<p class=\"conditions\">Une s\u00e9ance de 45 minutes<br \/>en visio-conf\u00e9rence<\/p>\n<p><!-- [et_pb_line_break_holder] --><a href=\"https:\/\/bertrandmarcos.com\/index.php\/contact\/\" class='cta'><!-- [et_pb_line_break_holder] --><img src=\"https:\/\/bertrandmarcos.com\/wp-content\/uploads\/2020\/08\/send2.png\" alt='send'><!-- [et_pb_line_break_holder] --><\/p>\n<div>Contact<\/div>\n<p><!-- [et_pb_line_break_holder] --><\/a><!-- [et_pb_line_break_holder] --><\/p>\n<div class='details-box'>\n<p class='details'>Individuel<\/p>\n<p><!-- [et_pb_line_break_holder] --><\/p>\n<ul class='activites'><!-- [et_pb_line_break_holder] --><\/p>\n<li>Mise en route<\/li>\n<p><!-- [et_pb_line_break_holder] --><\/p>\n<li>Exercices d\u2019improvisation<\/li>\n<p><!-- [et_pb_line_break_holder] --><\/p>\n<li>Travail de texte<\/li>\n<p><!-- [et_pb_line_break_holder] --><\/ul>\n<p><!-- [et_pb_line_break_holder] --><\/div>\n<\/div>\n<p><!-- [et_pb_line_break_holder] --><\/li>\n<p><!-- [et_pb_line_break_holder] --><\/p>\n<li><!-- [et_pb_line_break_holder] -->\n<div class='tarrif_head'>Cours individuels<\/div>\n<p><!-- [et_pb_line_break_holder] --><\/p>\n<div class='tarrif_content'><!-- [et_pb_line_break_holder] --><\/p>\n<p class=\"frequence\">Pr\u00e9sentiel<\/p>\n<p><!-- [et_pb_line_break_holder] --><\/p>\n<h4>Cours Individuel<\/h4>\n<p><!-- [et_pb_line_break_holder] --><\/p>\n<p class=\"prix\">50 EUROS le cours<\/p>\n<p><!-- [et_pb_line_break_holder] --><\/p>\n<p class=\"conditions\">Une s\u00e9ance d&rsquo;une heure<br \/>en face \u00e0 face<\/p>\n<p><!-- [et_pb_line_break_holder] --><a href=\"https:\/\/bertrandmarcos.com\/index.php\/contact\/\" class='cta'><!-- [et_pb_line_break_holder] --><img src=\"https:\/\/bertrandmarcos.com\/wp-content\/uploads\/2020\/08\/send2.png\" alt='send'><!-- [et_pb_line_break_holder] --><\/p>\n<div>Contact<\/div>\n<p><!-- [et_pb_line_break_holder] --><\/a><!-- [et_pb_line_break_holder] --><\/p>\n<div class='details-box'>\n<p class='details'>Individuel<\/p>\n<p><!-- [et_pb_line_break_holder] --><\/p>\n<ul class='activites'><!-- [et_pb_line_break_holder] --><\/p>\n<li>Mise en route<\/li>\n<p><!-- [et_pb_line_break_holder] --><\/p>\n<li>Exercices d\u2019improvisation<\/li>\n<p><!-- [et_pb_line_break_holder] --><\/p>\n<li>Travail de texte<\/li>\n<p><!-- [et_pb_line_break_holder] --><\/ul>\n<p><!-- [et_pb_line_break_holder] --><\/div>\n<\/div>\n<p><!-- [et_pb_line_break_holder] --><\/li>\n<p><!-- [et_pb_line_break_holder] --><\/ul>\n<p><!-- [et_pb_line_break_holder] --><\/div>\n<p>[\/et_pb_code][\/et_pb_column][\/et_pb_row][\/et_pb_section]<\/p>\n","protected":false},"excerpt":{"rendered":"<p>[et_pb_section fb_built=\u00a0\u00bb1&Prime; module_class=\u00a0\u00bbtarifs\u00a0\u00bb _builder_version=\u00a0\u00bb4.4.2&Prime;][et_pb_row _builder_version=\u00a0\u00bb4.4.2&Prime;][et_pb_column type=\u00a0\u00bb4_4&Prime; _builder_version=\u00a0\u00bb4.4.2&Prime;][et_pb_code _builder_version=\u00a0\u00bb4.4.2&Prime; hover_enabled=\u00a0\u00bb0&Prime;] Les Formules Essai offert Hebdomadaire Cours du Mardi20h &#8211; 22h 750 euros3 fois 250 eurosou 10 fois 75 euros Engagement sur l\u2019ann\u00e9e Contact Mise en route Sc\u00e8ne d\u2019invention 1 semaine sur 2 Travail de sc\u00e8ne 1 semaine sur 2 Essai Offert Hebdomadaire Cours du Mercredi21h &#8211; [&hellip;]<\/p>\n","protected":false},"author":1,"featured_media":0,"parent":0,"menu_order":0,"comment_status":"closed","ping_status":"closed","template":"","meta":{"_et_pb_use_builder":"on","_et_pb_old_content":"","_et_gb_content_width":""},"yoast_head":"<!-- This site is optimized with the Yoast SEO plugin v15.0 - https:\/\/yoast.com\/wordpress\/plugins\/seo\/ -->\n<title>Les Formules - Bertrand Marcos | Cours de th\u00e9\u00e2tre | Stage de th\u00e9\u00e2tre | Essai offert<\/title>\n<meta name=\"robots\" content=\"index, follow, max-snippet:-1, max-image-preview:large, max-video-preview:-1\" \/>\n<link rel=\"canonical\" href=\"https:\/\/bertrandmarcos.com\/index.php\/les-tarifs\/\" \/>\n<meta property=\"og:locale\" content=\"fr_FR\" \/>\n<meta property=\"og:type\" content=\"article\" \/>\n<meta property=\"og:title\" content=\"Les Formules - Bertrand Marcos | Cours de th\u00e9\u00e2tre | Stage de th\u00e9\u00e2tre | Essai offert\" \/>\n<meta property=\"og:description\" content=\"[et_pb_section fb_built=\u00a0\u00bb1&Prime; module_class=\u00a0\u00bbtarifs\u00a0\u00bb _builder_version=\u00a0\u00bb4.4.2&Prime;][et_pb_row _builder_version=\u00a0\u00bb4.4.2&Prime;][et_pb_column type=\u00a0\u00bb4_4&Prime; _builder_version=\u00a0\u00bb4.4.2&Prime;][et_pb_code _builder_version=\u00a0\u00bb4.4.2&Prime; hover_enabled=\u00a0\u00bb0&Prime;] Les Formules Essai offert Hebdomadaire Cours du Mardi20h &#8211; 22h 750 euros3 fois 250 eurosou 10 fois 75 euros Engagement sur l\u2019ann\u00e9e Contact Mise en route Sc\u00e8ne d\u2019invention 1 semaine sur 2 Travail de sc\u00e8ne 1 semaine sur 2 Essai Offert Hebdomadaire Cours du Mercredi21h &#8211; [&hellip;]\" \/>\n<meta property=\"og:url\" content=\"https:\/\/bertrandmarcos.com\/index.php\/les-tarifs\/\" \/>\n<meta property=\"og:site_name\" content=\"Bertrand Marcos | Cours de th\u00e9\u00e2tre | Stage de th\u00e9\u00e2tre | Essai offert\" \/>\n<meta property=\"article:modified_time\" content=\"2024-09-12T10:23:57+00:00\" \/>\n<meta property=\"og:image\" content=\"https:\/\/bertrandmarcos.com\/wp-content\/uploads\/2020\/08\/send2.png\" \/>\n<meta name=\"twitter:card\" content=\"summary_large_image\" \/>\n<script type=\"application\/ld+json\" class=\"yoast-schema-graph\">{\"@context\":\"https:\/\/schema.org\",\"@graph\":[{\"@type\":\"Organization\",\"@id\":\"https:\/\/bertrandmarcos.com\/#organization\",\"name\":\"Bertrand Marcos | Cours de th\\u00e9\\u00e2tre | Stage de th\\u00e9\\u00e2tre | Essai offert\",\"url\":\"https:\/\/bertrandmarcos.com\/\",\"sameAs\":[],\"logo\":{\"@type\":\"ImageObject\",\"@id\":\"https:\/\/bertrandmarcos.com\/#logo\",\"inLanguage\":\"fr-FR\",\"url\":\"https:\/\/bertrandmarcos.com\/wp-content\/uploads\/2020\/08\/favicon.png\",\"width\":32,\"height\":32,\"caption\":\"Bertrand Marcos | Cours de th\\u00e9\\u00e2tre | Stage de th\\u00e9\\u00e2tre | Essai offert\"},\"image\":{\"@id\":\"https:\/\/bertrandmarcos.com\/#logo\"}},{\"@type\":\"WebSite\",\"@id\":\"https:\/\/bertrandmarcos.com\/#website\",\"url\":\"https:\/\/bertrandmarcos.com\/\",\"name\":\"Bertrand Marcos | Cours de th\\u00e9\\u00e2tre | Stage de th\\u00e9\\u00e2tre | Essai offert\",\"description\":\"Bertrand Marcos | Cours de th\\u00e9\\u00e2tre | Stage de th\\u00e9\\u00e2tre | Essai offert\",\"publisher\":{\"@id\":\"https:\/\/bertrandmarcos.com\/#organization\"},\"potentialAction\":[{\"@type\":\"SearchAction\",\"target\":\"https:\/\/bertrandmarcos.com\/?s={search_term_string}\",\"query-input\":\"required name=search_term_string\"}],\"inLanguage\":\"fr-FR\"},{\"@type\":\"ImageObject\",\"@id\":\"https:\/\/bertrandmarcos.com\/index.php\/les-tarifs\/#primaryimage\",\"inLanguage\":\"fr-FR\",\"url\":\"https:\/\/bertrandmarcos.com\/wp-content\/uploads\/2020\/08\/send2.png\",\"width\":99,\"height\":114},{\"@type\":\"WebPage\",\"@id\":\"https:\/\/bertrandmarcos.com\/index.php\/les-tarifs\/#webpage\",\"url\":\"https:\/\/bertrandmarcos.com\/index.php\/les-tarifs\/\",\"name\":\"Les Formules - Bertrand Marcos | Cours de th\\u00e9\\u00e2tre | Stage de th\\u00e9\\u00e2tre | Essai offert\",\"isPartOf\":{\"@id\":\"https:\/\/bertrandmarcos.com\/#website\"},\"primaryImageOfPage\":{\"@id\":\"https:\/\/bertrandmarcos.com\/index.php\/les-tarifs\/#primaryimage\"},\"datePublished\":\"2020-08-05T16:53:02+00:00\",\"dateModified\":\"2024-09-12T10:23:57+00:00\",\"inLanguage\":\"fr-FR\",\"potentialAction\":[{\"@type\":\"ReadAction\",\"target\":[\"https:\/\/bertrandmarcos.com\/index.php\/les-tarifs\/\"]}]}]}<\/script>\n<!-- \/ Yoast SEO plugin. -->","_links":{"self":[{"href":"https:\/\/bertrandmarcos.com\/index.php\/wp-json\/wp\/v2\/pages\/75"}],"collection":[{"href":"https:\/\/bertrandmarcos.com\/index.php\/wp-json\/wp\/v2\/pages"}],"about":[{"href":"https:\/\/bertrandmarcos.com\/index.php\/wp-json\/wp\/v2\/types\/page"}],"author":[{"embeddable":true,"href":"https:\/\/bertrandmarcos.com\/index.php\/wp-json\/wp\/v2\/users\/1"}],"replies":[{"embeddable":true,"href":"https:\/\/bertrandmarcos.com\/index.php\/wp-json\/wp\/v2\/comments?post=75"}],"version-history":[{"count":24,"href":"https:\/\/bertrandmarcos.com\/index.php\/wp-json\/wp\/v2\/pages\/75\/revisions"}],"predecessor-version":[{"id":476,"href":"https:\/\/bertrandmarcos.com\/index.php\/wp-json\/wp\/v2\/pages\/75\/revisions\/476"}],"wp:attachment":[{"href":"https:\/\/bertrandmarcos.com\/index.php\/wp-json\/wp\/v2\/media?parent=75"}],"curies":[{"name":"wp","href":"https:\/\/api.w.org\/{rel}","templated":true}]}}