{"id":76,"date":"2020-08-05T18:53:00","date_gmt":"2020-08-05T16:53:00","guid":{"rendered":"https:\/\/bertrandmarcos.com\/?page_id=76"},"modified":"2020-08-26T10:53:33","modified_gmt":"2020-08-26T08:53:33","slug":"contact","status":"publish","type":"page","link":"https:\/\/bertrandmarcos.com\/index.php\/contact\/","title":{"rendered":"Contact"},"content":{"rendered":"<p>[et_pb_section fb_built=\u00a0\u00bb1&Prime; admin_label=\u00a0\u00bbsection\u00a0\u00bb _builder_version=\u00a0\u00bb3.22&Prime;][et_pb_row _builder_version=\u00a0\u00bb4.4.2&Prime;][et_pb_column _builder_version=\u00a0\u00bb4.4.2&Prime; type=\u00a0\u00bb4_4&Prime;][et_pb_code _builder_version=\u00a0\u00bb4.4.2&Prime; hover_enabled=\u00a0\u00bb0&Prime;]<\/p>\n<h2 class=\"subheader\"><!-- [et_pb_line_break_holder] -->Contact<\/h2>\n<p><!-- [et_pb_line_break_holder] --><div role=\"form\" class=\"wpcf7\" id=\"wpcf7-f89-o1\" lang=\"fr-FR\" dir=\"ltr\">\n<div class=\"screen-reader-response\" role=\"alert\" aria-live=\"polite\"><\/div>\n<form action=\"\/index.php\/wp-json\/wp\/v2\/pages\/76#wpcf7-f89-o1\" method=\"post\" class=\"wpcf7-form init\" novalidate=\"novalidate\">\n<div style=\"display: none;\">\n<input type=\"hidden\" name=\"_wpcf7\" value=\"89\" \/>\n<input type=\"hidden\" name=\"_wpcf7_version\" value=\"5.2\" \/>\n<input type=\"hidden\" name=\"_wpcf7_locale\" value=\"fr_FR\" \/>\n<input type=\"hidden\" name=\"_wpcf7_unit_tag\" value=\"wpcf7-f89-o1\" \/>\n<input type=\"hidden\" name=\"_wpcf7_container_post\" value=\"0\" \/>\n<input type=\"hidden\" name=\"_wpcf7_posted_data_hash\" value=\"\" \/>\n<\/div>\n<div class='custom_form'>\n<div class='contact-left'><span class=\"wpcf7-form-control-wrap your-subject\"><select name=\"your-subject\" class=\"wpcf7-form-control wpcf7-select\" aria-invalid=\"false\"><option value=\"Informations\">Informations<\/option><option value=\"Cours du mardi\">Cours du mardi<\/option><option value=\"Cours du mercredi\">Cours du mercredi<\/option><option value=\"Cours du jeudi\">Cours du jeudi<\/option><option value=\"Stage week-end\">Stage week-end<\/option><option value=\"Cours individuel en ligne\">Cours individuel en ligne<\/option><option value=\"Cours individuel pr\u00e9sentiel\">Cours individuel pr\u00e9sentiel<\/option><\/select><\/span><span class=\"wpcf7-form-control-wrap your-name\"><input type=\"text\" name=\"your-name\" value=\"\" size=\"40\" class=\"wpcf7-form-control wpcf7-text wpcf7-validates-as-required\" aria-required=\"true\" aria-invalid=\"false\" placeholder=\"Nom\" \/><\/span><span class=\"wpcf7-form-control-wrap your-email\"><input type=\"email\" name=\"your-email\" value=\"\" size=\"40\" class=\"wpcf7-form-control wpcf7-text wpcf7-email wpcf7-validates-as-required wpcf7-validates-as-email\" aria-required=\"true\" aria-invalid=\"false\" placeholder=\"email\" \/><\/span><\/div>\n<div class='contact-right'><span class=\"wpcf7-form-control-wrap your-message\"><textarea name=\"your-message\" cols=\"40\" rows=\"10\" class=\"wpcf7-form-control wpcf7-textarea\" aria-invalid=\"false\" placeholder=\"Votre message\"><\/textarea><\/span>\n<\/div>\n<\/div>\n<p><input type=\"submit\" value=\"Envoyer\" class=\"wpcf7-form-control wpcf7-submit\" \/><\/p>\n<div class=\"wpcf7-response-output\" role=\"alert\" aria-hidden=\"true\"><\/div><\/form><\/div>[\/et_pb_code][\/et_pb_column][\/et_pb_row][et_pb_row _builder_version=\u00a0\u00bb4.4.2&Prime;][et_pb_column _builder_version=\u00a0\u00bb4.4.2&Prime; type=\u00a0\u00bb4_4&Prime;][et_pb_code _builder_version=\u00a0\u00bb4.4.2&Prime; hover_enabled=\u00a0\u00bb0&Prime;]<\/p>\n<p class='adress'>30 rue de Chazelles<br \/><!-- [et_pb_line_break_holder] -->75017 Paris<br \/><!-- [et_pb_line_break_holder] -->Metro: Malesherbes (ligne 3)<br \/><!-- [et_pb_line_break_holder] -->Monceau (ligne 2)<\/p>\n<p>[\/et_pb_code][\/et_pb_column][\/et_pb_row][\/et_pb_section][et_pb_section fb_built=\u00a0\u00bb1&Prime; fullwidth=\u00a0\u00bbon\u00a0\u00bb _builder_version=\u00a0\u00bb4.4.2&Prime;][et_pb_fullwidth_code _builder_version=\u00a0\u00bb4.4.2&Prime; hover_enabled=\u00a0\u00bb0&Prime;]<iframe src=\"https:\/\/www.google.com\/maps\/embed?pb=!1m18!1m12!1m3!1d2623.8180043806974!2d2.304200015478476!3d48.88074590708682!2m3!1f0!2f0!3f0!3m2!1i1024!2i768!4f13.1!3m3!1m2!1s0x47e66fbec618a5b1%3A0xaf95f5491e1b2d98!2s30%20Rue%20de%20Chazelles%2C%2075017%20Paris!5e0!3m2!1sfr!2sfr!4v1598424632378!5m2!1sfr!2sfr\" width=\"100%\" height=\"450\" frameborder=\"0\" style=\"border:0;\" allowfullscreen=\"\" aria-hidden=\"false\" tabindex=\"0\"><\/iframe>[\/et_pb_fullwidth_code][\/et_pb_section]<\/p>\n","protected":false},"excerpt":{"rendered":"<p>[et_pb_section fb_built=\u00a0\u00bb1&Prime; admin_label=\u00a0\u00bbsection\u00a0\u00bb _builder_version=\u00a0\u00bb3.22&Prime;][et_pb_row _builder_version=\u00a0\u00bb4.4.2&Prime;][et_pb_column _builder_version=\u00a0\u00bb4.4.2&Prime; type=\u00a0\u00bb4_4&Prime;][et_pb_code _builder_version=\u00a0\u00bb4.4.2&Prime; hover_enabled=\u00a0\u00bb0&Prime;] Contact [\/et_pb_code][\/et_pb_column][\/et_pb_row][et_pb_row _builder_version=\u00a0\u00bb4.4.2&Prime;][et_pb_column _builder_version=\u00a0\u00bb4.4.2&Prime; type=\u00a0\u00bb4_4&Prime;][et_pb_code _builder_version=\u00a0\u00bb4.4.2&Prime; hover_enabled=\u00a0\u00bb0&Prime;] 30 rue de Chazelles75017 ParisMetro: Malesherbes (ligne 3)Monceau (ligne 2) [\/et_pb_code][\/et_pb_column][\/et_pb_row][\/et_pb_section][et_pb_section fb_built=\u00a0\u00bb1&Prime; fullwidth=\u00a0\u00bbon\u00a0\u00bb _builder_version=\u00a0\u00bb4.4.2&Prime;][et_pb_fullwidth_code _builder_version=\u00a0\u00bb4.4.2&Prime; hover_enabled=\u00a0\u00bb0&Prime;][\/et_pb_fullwidth_code][\/et_pb_section]<\/p>\n","protected":false},"author":1,"featured_media":0,"parent":0,"menu_order":0,"comment_status":"closed","ping_status":"closed","template":"","meta":{"_et_pb_use_builder":"on","_et_pb_old_content":"<!-- wp:shortcode -->\n[contact-form-7 id=\"89\" title=\"Formulaire de contact 1\"]\n<!-- \/wp:shortcode -->\n\n<!-- wp:paragraph -->\n<p><\/p>\n<!-- \/wp:paragraph -->","_et_gb_content_width":"2880"},"yoast_head":"<!-- This site is optimized with the Yoast SEO plugin v15.0 - https:\/\/yoast.com\/wordpress\/plugins\/seo\/ -->\n<title>Contact - Bertrand Marcos | Cours de th\u00e9\u00e2tre | Stage de th\u00e9\u00e2tre | Essai offert<\/title>\n<meta name=\"robots\" content=\"index, follow, max-snippet:-1, max-image-preview:large, max-video-preview:-1\" \/>\n<link rel=\"canonical\" href=\"https:\/\/bertrandmarcos.com\/index.php\/contact\/\" \/>\n<meta property=\"og:locale\" content=\"fr_FR\" \/>\n<meta property=\"og:type\" content=\"article\" \/>\n<meta property=\"og:title\" content=\"Contact - Bertrand Marcos | Cours de th\u00e9\u00e2tre | Stage de th\u00e9\u00e2tre | Essai offert\" \/>\n<meta property=\"og:description\" content=\"[et_pb_section fb_built=\u00a0\u00bb1&Prime; admin_label=\u00a0\u00bbsection\u00a0\u00bb _builder_version=\u00a0\u00bb3.22&Prime;][et_pb_row _builder_version=\u00a0\u00bb4.4.2&Prime;][et_pb_column _builder_version=\u00a0\u00bb4.4.2&Prime; type=\u00a0\u00bb4_4&Prime;][et_pb_code _builder_version=\u00a0\u00bb4.4.2&Prime; hover_enabled=\u00a0\u00bb0&Prime;] Contact [\/et_pb_code][\/et_pb_column][\/et_pb_row][et_pb_row _builder_version=\u00a0\u00bb4.4.2&Prime;][et_pb_column _builder_version=\u00a0\u00bb4.4.2&Prime; type=\u00a0\u00bb4_4&Prime;][et_pb_code _builder_version=\u00a0\u00bb4.4.2&Prime; hover_enabled=\u00a0\u00bb0&Prime;] 30 rue de Chazelles75017 ParisMetro: Malesherbes (ligne 3)Monceau (ligne 2) [\/et_pb_code][\/et_pb_column][\/et_pb_row][\/et_pb_section][et_pb_section fb_built=\u00a0\u00bb1&Prime; fullwidth=\u00a0\u00bbon\u00a0\u00bb _builder_version=\u00a0\u00bb4.4.2&Prime;][et_pb_fullwidth_code _builder_version=\u00a0\u00bb4.4.2&Prime; hover_enabled=\u00a0\u00bb0&Prime;][\/et_pb_fullwidth_code][\/et_pb_section]\" \/>\n<meta property=\"og:url\" content=\"https:\/\/bertrandmarcos.com\/index.php\/contact\/\" \/>\n<meta property=\"og:site_name\" content=\"Bertrand Marcos | Cours de th\u00e9\u00e2tre | Stage de th\u00e9\u00e2tre | Essai offert\" \/>\n<meta property=\"article:modified_time\" content=\"2020-08-26T08:53:33+00:00\" \/>\n<meta property=\"og:image\" content=\"https:\/\/bertrandmarcos.com\/wp-content\/uploads\/2020\/08\/bm.jpg\" \/>\n\t<meta property=\"og:image:width\" content=\"1200\" \/>\n\t<meta property=\"og:image:height\" content=\"630\" \/>\n<meta name=\"twitter:card\" content=\"summary_large_image\" \/>\n<script type=\"application\/ld+json\" class=\"yoast-schema-graph\">{\"@context\":\"https:\/\/schema.org\",\"@graph\":[{\"@type\":\"Organization\",\"@id\":\"https:\/\/bertrandmarcos.com\/#organization\",\"name\":\"Bertrand Marcos | Cours de th\\u00e9\\u00e2tre | Stage de th\\u00e9\\u00e2tre | Essai offert\",\"url\":\"https:\/\/bertrandmarcos.com\/\",\"sameAs\":[],\"logo\":{\"@type\":\"ImageObject\",\"@id\":\"https:\/\/bertrandmarcos.com\/#logo\",\"inLanguage\":\"fr-FR\",\"url\":\"https:\/\/bertrandmarcos.com\/wp-content\/uploads\/2020\/08\/favicon.png\",\"width\":32,\"height\":32,\"caption\":\"Bertrand Marcos | Cours de th\\u00e9\\u00e2tre | Stage de th\\u00e9\\u00e2tre | Essai offert\"},\"image\":{\"@id\":\"https:\/\/bertrandmarcos.com\/#logo\"}},{\"@type\":\"WebSite\",\"@id\":\"https:\/\/bertrandmarcos.com\/#website\",\"url\":\"https:\/\/bertrandmarcos.com\/\",\"name\":\"Bertrand Marcos | Cours de th\\u00e9\\u00e2tre | Stage de th\\u00e9\\u00e2tre | Essai offert\",\"description\":\"Bertrand Marcos | Cours de th\\u00e9\\u00e2tre | Stage de th\\u00e9\\u00e2tre | Essai offert\",\"publisher\":{\"@id\":\"https:\/\/bertrandmarcos.com\/#organization\"},\"potentialAction\":[{\"@type\":\"SearchAction\",\"target\":\"https:\/\/bertrandmarcos.com\/?s={search_term_string}\",\"query-input\":\"required name=search_term_string\"}],\"inLanguage\":\"fr-FR\"},{\"@type\":\"WebPage\",\"@id\":\"https:\/\/bertrandmarcos.com\/index.php\/contact\/#webpage\",\"url\":\"https:\/\/bertrandmarcos.com\/index.php\/contact\/\",\"name\":\"Contact - Bertrand Marcos | Cours de th\\u00e9\\u00e2tre | Stage de th\\u00e9\\u00e2tre | Essai offert\",\"isPartOf\":{\"@id\":\"https:\/\/bertrandmarcos.com\/#website\"},\"datePublished\":\"2020-08-05T16:53:00+00:00\",\"dateModified\":\"2020-08-26T08:53:33+00:00\",\"inLanguage\":\"fr-FR\",\"potentialAction\":[{\"@type\":\"ReadAction\",\"target\":[\"https:\/\/bertrandmarcos.com\/index.php\/contact\/\"]}]}]}<\/script>\n<!-- \/ Yoast SEO plugin. -->","_links":{"self":[{"href":"https:\/\/bertrandmarcos.com\/index.php\/wp-json\/wp\/v2\/pages\/76"}],"collection":[{"href":"https:\/\/bertrandmarcos.com\/index.php\/wp-json\/wp\/v2\/pages"}],"about":[{"href":"https:\/\/bertrandmarcos.com\/index.php\/wp-json\/wp\/v2\/types\/page"}],"author":[{"embeddable":true,"href":"https:\/\/bertrandmarcos.com\/index.php\/wp-json\/wp\/v2\/users\/1"}],"replies":[{"embeddable":true,"href":"https:\/\/bertrandmarcos.com\/index.php\/wp-json\/wp\/v2\/comments?post=76"}],"version-history":[{"count":5,"href":"https:\/\/bertrandmarcos.com\/index.php\/wp-json\/wp\/v2\/pages\/76\/revisions"}],"predecessor-version":[{"id":370,"href":"https:\/\/bertrandmarcos.com\/index.php\/wp-json\/wp\/v2\/pages\/76\/revisions\/370"}],"wp:attachment":[{"href":"https:\/\/bertrandmarcos.com\/index.php\/wp-json\/wp\/v2\/media?parent=76"}],"curies":[{"name":"wp","href":"https:\/\/api.w.org\/{rel}","templated":true}]}}